{"id":9,"date":"2018-06-17T09:03:49","date_gmt":"2018-06-17T09:03:49","guid":{"rendered":"https:\/\/bienen.schlonsok-garten.de\/?page_id=9"},"modified":"2018-11-10T17:25:49","modified_gmt":"2018-11-10T17:25:49","slug":"ueber-mich","status":"publish","type":"page","link":"https:\/\/bienen-schlonsok.de\/?page_id=9","title":{"rendered":"\u00dcber uns"},"content":{"rendered":"<p><img data-recalc-dims=\"1\" loading=\"lazy\" decoding=\"async\" data-attachment-id=\"101\" data-permalink=\"https:\/\/bienen-schlonsok.de\/?attachment_id=101\" data-orig-file=\"https:\/\/i0.wp.com\/bienen-schlonsok.de\/wp-content\/uploads\/2018\/06\/DSC1391.jpg?fit=679%2C518&amp;ssl=1\" data-orig-size=\"679,518\" data-comments-opened=\"1\" data-image-meta=\"{&quot;aperture&quot;:&quot;5.6&quot;,&quot;credit&quot;:&quot;&quot;,&quot;camera&quot;:&quot;NIKON D300&quot;,&quot;caption&quot;:&quot;&quot;,&quot;created_timestamp&quot;:&quot;1529502434&quot;,&quot;copyright&quot;:&quot;&quot;,&quot;focal_length&quot;:&quot;170&quot;,&quot;iso&quot;:&quot;200&quot;,&quot;shutter_speed&quot;:&quot;0.001&quot;,&quot;title&quot;:&quot;&quot;,&quot;orientation&quot;:&quot;1&quot;}\" data-image-title=\"_DSC1391\" data-image-description=\"\" data-image-caption=\"\" data-medium-file=\"https:\/\/i0.wp.com\/bienen-schlonsok.de\/wp-content\/uploads\/2018\/06\/DSC1391.jpg?fit=300%2C229&amp;ssl=1\" data-large-file=\"https:\/\/i0.wp.com\/bienen-schlonsok.de\/wp-content\/uploads\/2018\/06\/DSC1391.jpg?fit=625%2C477&amp;ssl=1\" class=\"alignnone size-medium wp-image-101 alignright\" src=\"https:\/\/i0.wp.com\/bienen-schlonsok.de\/wp-content\/uploads\/2018\/06\/DSC1391.jpg?resize=300%2C229&#038;ssl=1\" alt=\"\" width=\"300\" height=\"229\" srcset=\"https:\/\/i0.wp.com\/bienen-schlonsok.de\/wp-content\/uploads\/2018\/06\/DSC1391.jpg?resize=300%2C229&amp;ssl=1 300w, https:\/\/i0.wp.com\/bienen-schlonsok.de\/wp-content\/uploads\/2018\/06\/DSC1391.jpg?resize=200%2C153&amp;ssl=1 200w, https:\/\/i0.wp.com\/bienen-schlonsok.de\/wp-content\/uploads\/2018\/06\/DSC1391.jpg?w=679&amp;ssl=1 679w\" sizes=\"auto, (max-width: 300px) 100vw, 300px\" \/>Wie sind wir zur Bienen gekommen<\/p>\n<p>Bienen haben uns schon immer interessiert, und immer wieder wurde intensiv recherchiert, um das eigene Wissen zu erweitern. Wegen &#8216;Zeitmangel&#8217; wurden die wichtigen Entscheidung\u00a0immer wieder verschoben. Es gab Fragen \u00fcber Fragen, die gekl\u00e4rt werden mu\u00dften.<\/p>\n<ul>\n<li>wann ist der beste Zeitpunkt mit Bienen anzufangen<\/li>\n<li>wie komme ich an mein erstes Volk<\/li>\n<li>welche Beute ist f\u00fcr mich die richtige<\/li>\n<li>was ben\u00f6tige ich alles um zu imkern<\/li>\n<li>was muss ich beachten beim Aufstellen meiner V\u00f6lker<\/li>\n<li>&#8230;und viele andere Fragen<\/li>\n<\/ul>\n<p>Am \u00a029.01.2017 haben wir an dem Schnuppertag im Bienenmuseum Duisburg teilgenommen. Dieser Kurs wurde von Frau Dr. Pia Aumeier und Herrn Dr. Gerhard Liebig durchgef\u00fchrt und war sehr informativ und verst\u00e4rkte unsere Neugier auf das Bienenleben. Jedoch zeigte er uns, dass Imkern eine Verantwortung der Tieren gegen\u00fcber\u00a0mit sich bringt und bevor wir starten,\u00a0 weitere Fachkenntnisse dringend erforderlich sind. Da uns der Einsatz und das Auftreten der beiden Seminarleiter ansprach, absolvierten wir im Bienenmuseum Duisburg die Imkerausbildungsseminare von Dr. Pia Aumeier. Die Kurstage bestanden aus Theorie und anschlie\u00dfender Praxis und so lernten wir den Umgang mit den Bienen. Alle Fragen, vor allem die wichtigste, welche Beute f\u00fcr uns die Richtige ist, wurden gekl\u00e4rt. \u00a0WIr\u00a0haben uns entschlossen\u00a0 f\u00fcr Pia&#8217;s Konzept &#8216;faule Imker&#8217; und dadurch wurde\u00a0 Zander als Beute ausgesucht.<br \/>\nEs folgte\u00a0die komplette <a href=\"https:\/\/bienen-schlonsok.de\/?page_id=301\">Seminarreihe<\/a>:<\/p>\n<ol>\n<li>Erster Blick ins Bienenvolk, Tipps zum Einstieg, Futtervorrat?<\/li>\n<li>V\u00f6lker gut durchs Fr\u00fchjahr bringen, Wachsarbeiten<\/li>\n<li>Schw\u00e4rme vermeiden, K\u00f6niginnen &amp; Jungv\u00f6lker erfolgreich aufziehen<\/li>\n<li>Honig ernten, Jungv\u00f6lker pflegen<\/li>\n<li>Wirtschaftsv\u00f6lker richtig einwintern<\/li>\n<li>Jungv\u00f6lker richtig einwintern<\/li>\n<li>Varroa- Behandlung im Winter<\/li>\n<\/ol>\n<p>Als Start f\u00fcr unsere Bienenhaltung haben wir in diesem Seminar 2 Jungv\u00f6lker erworben, die Mutter der K\u00f6niginnen ist im Zuchtbuch Nummer 11-76-68-2015 verzeichnet. Die Zuchtwerte und der Stammbaum kann unter <a href=\"http:\/\/www.beebreed.eu\">http:\/\/www.beebreed.eu<\/a>\u00a0eingesehen werden. Diese 2 V\u00f6lker haben wir gut \u00fcber den Winter gebracht und 2018 war f\u00fcr uns das erste Wirtschaftsjahr. Mai 2018 war es endlich soweit, die erste Honigernte! Unsere Erwartungen wurden weit \u00fcbertroffen und das Erlebnis wie der Honig goldgelb in einem breiten Strahl aus der Schleuder flie\u00dft unbeschreiblich. All das wurde noch von der ersten Kostprobe \u00fcbertroffen. Der erste Honig schmeckt frisch, fruchtig leicht und un\u00fcbertroffen Gut !<br \/>\n\u21d2\u00a0\u00a0\u00a0Unsere M\u00fche hat sich gelohnt &#8211; ist nicht die richtige Bezeichnung. Das Pflegen und Arbeiten mit den Bienen ist unser Hobby und wir machen das sehr gerne. Aber das Leben der Bienen, ihr Flei\u00df, das Wunder des Honigerstellens ist einzigartig in dieser kleinen Bienenwelt und das ist ein erhebendes Gef\u00fchl dieses erleben zu d\u00fcrfen. Wir m\u00f6chten an dieser Stelle Frau Dr. Pia Aumeier danken uns das Bienenleben so gut vermittelt zu haben es verstehen zu k\u00f6nnen und freuen uns auf weitere Erfolge mit unseren Bienen.<\/p>\n<p>Inzwischen haben wir noch folgende Kurse absolviert.<\/p>\n<p>13.01.2018 <a href=\"https:\/\/bienen-schlonsok.de\/?page_id=292\">Honiglehrgang mit Fachkundenachweis<\/a><br \/>\n11.02.2018 <a href=\"https:\/\/bienen-schlonsok.de\/?page_id=326\">V\u00f6lkervermehrung im Team Einf\u00fchrung<\/a> es folgten 4 weitere Termine<br \/>\n25.03.2018 <a href=\"https:\/\/bienen-schlonsok.de\/?page_id=329\">Zucht der Honigbiene, Einf\u00fchrung und Grundlagen<\/a><br \/>\n15.05.2018<a href=\"https:\/\/bienen-schlonsok.de\/?page_id=324\"> Praxis 1 Sammelableger<\/a><br \/>\n24.05.2018 <a href=\"https:\/\/bienen-schlonsok.de\/?page_id=322\">Praxis 2 Umlarven<\/a><br \/>\n31.05.2018 <a href=\"https:\/\/bienen-schlonsok.de\/?page_id=320\">Praxis 3 Verschulen<\/a><br \/>\n07.06.2018 Praxis 4 Aufteilen der Jungv\u00f6lker<br \/>\n20.10.2018 <a href=\"https:\/\/bienen-schlonsok.de\/?page_id=317\">Fachgerechte Beratung und Umsiedlung bei Problemen mit Hornissen- und anderen Wespenv\u00f6lkern<\/a><\/p>\n","protected":false},"excerpt":{"rendered":"<p>Wie sind wir zur Bienen gekommen Bienen haben uns schon immer interessiert, und immer wieder wurde intensiv recherchiert, um das eigene Wissen zu erweitern. Wegen &#8216;Zeitmangel&#8217; wurden die wichtigen Entscheidung\u00a0immer wieder verschoben. Es gab Fragen \u00fcber Fragen, die gekl\u00e4rt werden mu\u00dften. wann ist der beste Zeitpunkt mit Bienen anzufangen wie komme ich an mein erstes [&hellip;]<\/p>\n","protected":false},"author":1,"featured_media":0,"parent":0,"menu_order":0,"comment_status":"closed","ping_status":"closed","template":"","meta":{"jetpack_post_was_ever_published":false,"footnotes":""},"class_list":["post-9","page","type-page","status-publish","hentry"],"jetpack_sharing_enabled":true,"jetpack_shortlink":"https:\/\/wp.me\/PagD5c-9","jetpack-related-posts":[],"_links":{"self":[{"href":"https:\/\/bienen-schlonsok.de\/index.php?rest_route=\/wp\/v2\/pages\/9","targetHints":{"allow":["GET"]}}],"collection":[{"href":"https:\/\/bienen-schlonsok.de\/index.php?rest_route=\/wp\/v2\/pages"}],"about":[{"href":"https:\/\/bienen-schlonsok.de\/index.php?rest_route=\/wp\/v2\/types\/page"}],"author":[{"embeddable":true,"href":"https:\/\/bienen-schlonsok.de\/index.php?rest_route=\/wp\/v2\/users\/1"}],"replies":[{"embeddable":true,"href":"https:\/\/bienen-schlonsok.de\/index.php?rest_route=%2Fwp%2Fv2%2Fcomments&post=9"}],"version-history":[{"count":5,"href":"https:\/\/bienen-schlonsok.de\/index.php?rest_route=\/wp\/v2\/pages\/9\/revisions"}],"predecessor-version":[{"id":331,"href":"https:\/\/bienen-schlonsok.de\/index.php?rest_route=\/wp\/v2\/pages\/9\/revisions\/331"}],"wp:attachment":[{"href":"https:\/\/bienen-schlonsok.de\/index.php?rest_route=%2Fwp%2Fv2%2Fmedia&parent=9"}],"curies":[{"name":"wp","href":"https:\/\/api.w.org\/{rel}","templated":true}]}}