{"id":50,"date":"2018-06-19T19:35:29","date_gmt":"2018-06-19T19:35:29","guid":{"rendered":"https:\/\/bienen.schlonsok-garten.de\/?page_id=50"},"modified":"2018-06-19T19:35:29","modified_gmt":"2018-06-19T19:35:29","slug":"honig","status":"publish","type":"page","link":"https:\/\/bienen-schlonsok.de\/?page_id=50","title":{"rendered":"Honig"},"content":{"rendered":"<blockquote><p>\u00a0\u00a0\u00a0\u00a0 \u00a0ist der naturs\u00fc\u00dfe Stoff, der von Honigbienen erzeugt wird, indem die Bienen Nektar von Pflanzen oder Sekrete lebender Pflanzenteile oder sich auf den lebenden Pflanzenteilen befindende Exkrete von an Pflanzen saugenden Insekten aufnehmen, durch Kombination mit eigenen spezifischen Stoffen umwandeln, einlagern, dehydratisieren und in den Waben des Bienenstocks speichern und reifen lassen.<br \/>\nHonig besteht im Wesentlichen aus verschiedenen Zuckerarten, insbesondere aus Fructose und Glucose, sowie aus organischen S\u00e4uren, Enzymen und beim Nektarsammeln aufgenommenen festen Partikeln. Die Farbe des Honigs reicht von nahezu farblos bis dunkelbraun. Er kann von fl\u00fcssiger, dickfl\u00fcssiger oder teilweise bis durchgehend kristalliner Beschaffenheit sein. Die Unterschiede in Geschmack und Aroma werden von der jeweiligen botanischen Herkunft bestimmt<br \/>\n(Auszug Deutsche Honigverordnung).<\/p><\/blockquote>\n<p>&nbsp;<\/p>\n<p><strong><img data-recalc-dims=\"1\" loading=\"lazy\" decoding=\"async\" data-attachment-id=\"86\" data-permalink=\"https:\/\/bienen-schlonsok.de\/?attachment_id=86\" data-orig-file=\"https:\/\/i0.wp.com\/bienen-schlonsok.de\/wp-content\/uploads\/2018\/06\/honig.jpg?fit=1035%2C655&amp;ssl=1\" data-orig-size=\"1035,655\" data-comments-opened=\"1\" data-image-meta=\"{&quot;aperture&quot;:&quot;0&quot;,&quot;credit&quot;:&quot;&quot;,&quot;camera&quot;:&quot;&quot;,&quot;caption&quot;:&quot;&quot;,&quot;created_timestamp&quot;:&quot;0&quot;,&quot;copyright&quot;:&quot;&quot;,&quot;focal_length&quot;:&quot;0&quot;,&quot;iso&quot;:&quot;0&quot;,&quot;shutter_speed&quot;:&quot;0&quot;,&quot;title&quot;:&quot;&quot;,&quot;orientation&quot;:&quot;0&quot;}\" data-image-title=\"honig\" data-image-description=\"\" data-image-caption=\"\" data-medium-file=\"https:\/\/i0.wp.com\/bienen-schlonsok.de\/wp-content\/uploads\/2018\/06\/honig.jpg?fit=300%2C190&amp;ssl=1\" data-large-file=\"https:\/\/i0.wp.com\/bienen-schlonsok.de\/wp-content\/uploads\/2018\/06\/honig.jpg?fit=625%2C396&amp;ssl=1\" class=\"size-medium wp-image-86 alignright\" src=\"https:\/\/i0.wp.com\/bienen-schlonsok.de\/wp-content\/uploads\/2018\/06\/honig.jpg?resize=300%2C190&#038;ssl=1\" alt=\"\" width=\"300\" height=\"190\" srcset=\"https:\/\/i0.wp.com\/bienen-schlonsok.de\/wp-content\/uploads\/2018\/06\/honig.jpg?resize=300%2C190&amp;ssl=1 300w, https:\/\/i0.wp.com\/bienen-schlonsok.de\/wp-content\/uploads\/2018\/06\/honig.jpg?resize=768%2C486&amp;ssl=1 768w, https:\/\/i0.wp.com\/bienen-schlonsok.de\/wp-content\/uploads\/2018\/06\/honig.jpg?resize=1024%2C648&amp;ssl=1 1024w, https:\/\/i0.wp.com\/bienen-schlonsok.de\/wp-content\/uploads\/2018\/06\/honig.jpg?resize=200%2C127&amp;ssl=1 200w, https:\/\/i0.wp.com\/bienen-schlonsok.de\/wp-content\/uploads\/2018\/06\/honig.jpg?w=1035&amp;ssl=1 1035w\" sizes=\"auto, (max-width: 300px) 100vw, 300px\" \/>Wie flei\u00dfig sind unsere Bienen?<\/strong><br \/>\nZwischen 10.000 und 15.000 Bienen fliegen an guten Tagen t\u00e4glich in die Tracht, je nach Witterung macht jede Biene pro Tag 2 bis 30 Ausfl\u00fcge, auf die sie mit einer Geschwindigkeit von 30 km\/h aufbricht. Jede Sammlerin befliegt in 15-30 Minuten Hunderte von Bl\u00fcten und schafft dann 50 mg Nektar (das entspricht z.B. dem Nektar von 100 Apfelbl\u00fcten oder 1500 Kleebl\u00fcten) nach Hause. Das H\u00f6chstgewicht einer gef\u00fcllten Honigblase betrug 70 mg, also 80% des eigenen K\u00f6rpergewichtes der Biene. Um 1 kg Honig zu erhalten, werden 3 kg Nektar gesammelt (2 kg! Wasser werden also verdunstet), dies entspricht mind. 60.000 Ausfl\u00fcgen auf denen mind. 12 Mio. Bl\u00fcten besucht und eine Strecke zur\u00fcckgelegt wird, die &#8211; je nach Entfernung der Trachtquelle &#8211; einer mehrmaligen Erdumrundung gleichkommt. Um dieses kg Honig zu lagern, sind nur 20 g Wachs n\u00f6tig. Eine Honigzelle fasst 0,4 &#8211; 0,5 g Honig, ca. 2,5 kg passen also auf eine Wabe, eine Menge, die Bienen bei guter Tracht jeden Tag eintragen k\u00f6nnen.<\/p>\n<p><strong>Doch was macht der Imker um guten Honig herzustellen ?<br \/>\n<\/strong>Abgesehen von den &#8216;normalen&#8217; Aufgaben, sich um den Wohl der M\u00e4dels zu k\u00fcmmern, sie also jeden Tag bei gute Laune zu halten, zur Honig Herstellung\u00a0 werden folgende Schritte durchgef\u00fchrt:<\/p>\n<ol>\n<li>Honigernte<\/li>\n<li>Entdeckeln<\/li>\n<li>Schleudern<\/li>\n<li>Sieben<\/li>\n<li>Kl\u00e4ren und absch\u00e4umen<\/li>\n<li>R\u00fchren<\/li>\n<li>Abf\u00fcllen<\/li>\n<li>Etikettieren<br \/>\n<strong>\u2192 alles Handarbeit!<\/strong><\/li>\n<\/ol>\n<p>&nbsp;<\/p>\n","protected":false},"excerpt":{"rendered":"<p>\u00a0\u00a0\u00a0\u00a0 \u00a0ist der naturs\u00fc\u00dfe Stoff, der von Honigbienen erzeugt wird, indem die Bienen Nektar von Pflanzen oder Sekrete lebender Pflanzenteile oder sich auf den lebenden Pflanzenteilen befindende Exkrete von an Pflanzen saugenden Insekten aufnehmen, durch Kombination mit eigenen spezifischen Stoffen umwandeln, einlagern, dehydratisieren und in den Waben des Bienenstocks speichern und reifen lassen. Honig besteht [&hellip;]<\/p>\n","protected":false},"author":1,"featured_media":86,"parent":0,"menu_order":0,"comment_status":"closed","ping_status":"closed","template":"page-templates\/front-page.php","meta":{"jetpack_post_was_ever_published":false,"footnotes":""},"class_list":["post-50","page","type-page","status-publish","has-post-thumbnail","hentry"],"jetpack_sharing_enabled":true,"jetpack_shortlink":"https:\/\/wp.me\/PagD5c-O","jetpack-related-posts":[],"_links":{"self":[{"href":"https:\/\/bienen-schlonsok.de\/index.php?rest_route=\/wp\/v2\/pages\/50","targetHints":{"allow":["GET"]}}],"collection":[{"href":"https:\/\/bienen-schlonsok.de\/index.php?rest_route=\/wp\/v2\/pages"}],"about":[{"href":"https:\/\/bienen-schlonsok.de\/index.php?rest_route=\/wp\/v2\/types\/page"}],"author":[{"embeddable":true,"href":"https:\/\/bienen-schlonsok.de\/index.php?rest_route=\/wp\/v2\/users\/1"}],"replies":[{"embeddable":true,"href":"https:\/\/bienen-schlonsok.de\/index.php?rest_route=%2Fwp%2Fv2%2Fcomments&post=50"}],"version-history":[{"count":0,"href":"https:\/\/bienen-schlonsok.de\/index.php?rest_route=\/wp\/v2\/pages\/50\/revisions"}],"wp:featuredmedia":[{"embeddable":true,"href":"https:\/\/bienen-schlonsok.de\/index.php?rest_route=\/wp\/v2\/media\/86"}],"wp:attachment":[{"href":"https:\/\/bienen-schlonsok.de\/index.php?rest_route=%2Fwp%2Fv2%2Fmedia&parent=50"}],"curies":[{"name":"wp","href":"https:\/\/api.w.org\/{rel}","templated":true}]}}